{"id":727,"date":"2025-05-13T11:53:25","date_gmt":"2025-05-13T09:53:25","guid":{"rendered":"https:\/\/candidatelier.fr\/?page_id=727"},"modified":"2026-03-18T12:18:13","modified_gmt":"2026-03-18T11:18:13","slug":"labo","status":"publish","type":"page","link":"https:\/\/candidatelier.fr\/?page_id=727","title":{"rendered":"LABO"},"content":{"rendered":"\t\t<div data-elementor-type=\"wp-page\" data-elementor-id=\"727\" class=\"elementor elementor-727\">\n\t\t\t\t<div class=\"elementor-element elementor-element-ce60671 e-flex e-con-boxed e-con e-parent\" data-id=\"ce60671\" data-element_type=\"container\" data-e-type=\"container\">\n\t\t\t\t\t<div class=\"e-con-inner\">\n\t\t\t\t<div class=\"elementor-element elementor-element-0c779aa elementor-widget elementor-widget-spacer\" data-id=\"0c779aa\" data-element_type=\"widget\" data-e-type=\"widget\" data-widget_type=\"spacer.default\">\n\t\t\t\t<div class=\"elementor-widget-container\">\n\t\t\t\t\t\t\t<div class=\"elementor-spacer\">\n\t\t\t<div class=\"elementor-spacer-inner\"><\/div>\n\t\t<\/div>\n\t\t\t\t\t\t<\/div>\n\t\t\t\t<\/div>\n\t\t\t\t\t<\/div>\n\t\t\t\t<\/div>\n\t\t<div class=\"elementor-element elementor-element-a74e65c e-con-full e-flex e-con e-parent\" data-id=\"a74e65c\" data-element_type=\"container\" data-e-type=\"container\">\n\t\t<div class=\"elementor-element elementor-element-820ab70 e-con-full e-flex e-con e-child\" data-id=\"820ab70\" data-element_type=\"container\" data-e-type=\"container\">\n\t\t\t\t<div class=\"elementor-element elementor-element-0ccd0a8 elementor-widget elementor-widget-heading\" data-id=\"0ccd0a8\" data-element_type=\"widget\" data-e-type=\"widget\" data-widget_type=\"heading.default\">\n\t\t\t\t<div class=\"elementor-widget-container\">\n\t\t\t\t\t<h2 class=\"elementor-heading-title elementor-size-default\">LABO<\/h2>\t\t\t\t<\/div>\n\t\t\t\t<\/div>\n\t\t\t\t<div class=\"elementor-element elementor-element-cbfe7b7 elementor-widget elementor-widget-text-editor\" data-id=\"cbfe7b7\" data-element_type=\"widget\" data-e-type=\"widget\" data-widget_type=\"text-editor.default\">\n\t\t\t\t<div class=\"elementor-widget-container\">\n\t\t\t\t\t\t\t\t\t<p><b>R\u00e9sidence \u00e0 l&#8217;EHPAD Duc\u00e9lia, Castellane.<br><\/b><span style=\"font-size: 14px;\">2023<\/span><\/p>\n<p><strong>Contexte<\/strong><br>En collaboration avec l&#8217;association Art &amp; Culture La Chouette, mise en place de temps de cr\u00e9ation collective pour rapprocher les diff\u00e9rentes g\u00e9n\u00e9rations du village.&nbsp;<\/p>\n<p><strong>Publics<\/strong>&nbsp;<br>R\u00e9sident\u00b7es de l&#8217;EHPAD Duc\u00e9lia et enfants de la cr\u00e8che de Castellane.&nbsp;<\/p>\n<p><strong>Productions<\/strong><br>Oeuvres textiles et installations olfactives, pi\u00e8ces en papier et teintures v\u00e9g\u00e9tales, pi\u00e8ces en papiers odorants, mac\u00e9rations alcooliques, sculptures.&nbsp;<\/p>\n<p><strong>Partenaires<\/strong><br>Association Art et Culture La Chouette<br>EHPAD Duc\u00e9lia<br>Cr\u00e8che de Castellane<\/p><p><span style=\"font-variant-ligatures: normal; font-variant-caps: normal; font-family: Barlow, sans-serif; font-size: 15px; font-style: normal; font-weight: 700;\">Financeurs<\/span><br><span style=\"font-family: Barlow, sans-serif; font-size: 15px; font-style: normal; font-variant-ligatures: normal; font-variant-caps: normal; font-weight: 400;\">DRAC PACA<\/span><span style=\"font-family: Barlow, sans-serif; font-size: 15px; font-style: normal; font-variant-ligatures: normal; font-variant-caps: normal; font-weight: 400;\">&nbsp;<\/span><\/p>\t\t\t\t\t\t\t\t<\/div>\n\t\t\t\t<\/div>\n\t\t\t\t<\/div>\n\t\t<div class=\"elementor-element elementor-element-c285bdc e-con-full e-flex e-con e-child\" data-id=\"c285bdc\" data-element_type=\"container\" data-e-type=\"container\">\n\t\t\t\t<div class=\"elementor-element elementor-element-a57cccd gallery-spacing-custom elementor-widget elementor-widget-image-gallery\" data-id=\"a57cccd\" data-element_type=\"widget\" data-e-type=\"widget\" data-settings=\"{&quot;_animation&quot;:&quot;none&quot;}\" data-widget_type=\"image-gallery.default\">\n\t\t\t\t<div class=\"elementor-widget-container\">\n\t\t\t\t\t\t\t<div class=\"elementor-image-gallery\">\n\t\t\t<div id='gallery-1' class='gallery galleryid-727 gallery-columns-3 gallery-size-medium_large'><figure class='gallery-item'>\n\t\t\t<div class='gallery-icon landscape'>\n\t\t\t\t<a data-elementor-open-lightbox=\"no\" href='https:\/\/candidatelier.fr\/wp-content\/uploads\/2025\/05\/LABO_WEB_ATELIER-NID-19.jpg'><img fetchpriority=\"high\" decoding=\"async\" width=\"768\" height=\"576\" src=\"https:\/\/candidatelier.fr\/wp-content\/uploads\/2025\/05\/LABO_WEB_ATELIER-NID-19-768x576.jpg\" class=\"attachment-medium_large size-medium_large\" alt=\"\" srcset=\"https:\/\/candidatelier.fr\/wp-content\/uploads\/2025\/05\/LABO_WEB_ATELIER-NID-19-768x576.jpg 768w, https:\/\/candidatelier.fr\/wp-content\/uploads\/2025\/05\/LABO_WEB_ATELIER-NID-19-300x225.jpg 300w, https:\/\/candidatelier.fr\/wp-content\/uploads\/2025\/05\/LABO_WEB_ATELIER-NID-19.jpg 1024w\" sizes=\"(max-width: 768px) 100vw, 768px\" \/><\/a>\n\t\t\t<\/div><\/figure><figure class='gallery-item'>\n\t\t\t<div class='gallery-icon landscape'>\n\t\t\t\t<a data-elementor-open-lightbox=\"no\" href='https:\/\/candidatelier.fr\/wp-content\/uploads\/2025\/05\/LABO_WEB_-ALOIS-26.jpg'><img decoding=\"async\" width=\"768\" height=\"576\" src=\"https:\/\/candidatelier.fr\/wp-content\/uploads\/2025\/05\/LABO_WEB_-ALOIS-26-768x576.jpg\" class=\"attachment-medium_large size-medium_large\" alt=\"\" srcset=\"https:\/\/candidatelier.fr\/wp-content\/uploads\/2025\/05\/LABO_WEB_-ALOIS-26-768x576.jpg 768w, https:\/\/candidatelier.fr\/wp-content\/uploads\/2025\/05\/LABO_WEB_-ALOIS-26-300x225.jpg 300w, https:\/\/candidatelier.fr\/wp-content\/uploads\/2025\/05\/LABO_WEB_-ALOIS-26.jpg 1024w\" sizes=\"(max-width: 768px) 100vw, 768px\" \/><\/a>\n\t\t\t<\/div><\/figure><figure class='gallery-item'>\n\t\t\t<div class='gallery-icon landscape'>\n\t\t\t\t<a data-elementor-open-lightbox=\"no\" href='https:\/\/candidatelier.fr\/wp-content\/uploads\/2025\/05\/LABO_WEB_ATELIER-COMMUN-27.jpg'><img decoding=\"async\" width=\"768\" height=\"576\" src=\"https:\/\/candidatelier.fr\/wp-content\/uploads\/2025\/05\/LABO_WEB_ATELIER-COMMUN-27-768x576.jpg\" class=\"attachment-medium_large size-medium_large\" alt=\"\" srcset=\"https:\/\/candidatelier.fr\/wp-content\/uploads\/2025\/05\/LABO_WEB_ATELIER-COMMUN-27-768x576.jpg 768w, https:\/\/candidatelier.fr\/wp-content\/uploads\/2025\/05\/LABO_WEB_ATELIER-COMMUN-27-300x225.jpg 300w, https:\/\/candidatelier.fr\/wp-content\/uploads\/2025\/05\/LABO_WEB_ATELIER-COMMUN-27.jpg 1024w\" sizes=\"(max-width: 768px) 100vw, 768px\" \/><\/a>\n\t\t\t<\/div><\/figure><figure class='gallery-item'>\n\t\t\t<div class='gallery-icon landscape'>\n\t\t\t\t<a data-elementor-open-lightbox=\"no\" href='https:\/\/candidatelier.fr\/wp-content\/uploads\/2025\/05\/LABO_WEB_ATELIER-COMMUN-29.jpg'><img loading=\"lazy\" decoding=\"async\" width=\"768\" height=\"576\" src=\"https:\/\/candidatelier.fr\/wp-content\/uploads\/2025\/05\/LABO_WEB_ATELIER-COMMUN-29-768x576.jpg\" class=\"attachment-medium_large size-medium_large\" alt=\"\" srcset=\"https:\/\/candidatelier.fr\/wp-content\/uploads\/2025\/05\/LABO_WEB_ATELIER-COMMUN-29-768x576.jpg 768w, https:\/\/candidatelier.fr\/wp-content\/uploads\/2025\/05\/LABO_WEB_ATELIER-COMMUN-29-300x225.jpg 300w, https:\/\/candidatelier.fr\/wp-content\/uploads\/2025\/05\/LABO_WEB_ATELIER-COMMUN-29.jpg 1024w\" sizes=\"(max-width: 768px) 100vw, 768px\" \/><\/a>\n\t\t\t<\/div><\/figure><figure class='gallery-item'>\n\t\t\t<div class='gallery-icon landscape'>\n\t\t\t\t<a data-elementor-open-lightbox=\"no\" href='https:\/\/candidatelier.fr\/wp-content\/uploads\/2025\/05\/LABO_WEB_ATELIER-COMMUN-37.jpg'><img loading=\"lazy\" decoding=\"async\" width=\"768\" height=\"576\" src=\"https:\/\/candidatelier.fr\/wp-content\/uploads\/2025\/05\/LABO_WEB_ATELIER-COMMUN-37-768x576.jpg\" class=\"attachment-medium_large size-medium_large\" alt=\"\" srcset=\"https:\/\/candidatelier.fr\/wp-content\/uploads\/2025\/05\/LABO_WEB_ATELIER-COMMUN-37-768x576.jpg 768w, https:\/\/candidatelier.fr\/wp-content\/uploads\/2025\/05\/LABO_WEB_ATELIER-COMMUN-37-300x225.jpg 300w, https:\/\/candidatelier.fr\/wp-content\/uploads\/2025\/05\/LABO_WEB_ATELIER-COMMUN-37.jpg 1024w\" sizes=\"(max-width: 768px) 100vw, 768px\" \/><\/a>\n\t\t\t<\/div><\/figure><figure class='gallery-item'>\n\t\t\t<div class='gallery-icon landscape'>\n\t\t\t\t<a data-elementor-open-lightbox=\"no\" href='https:\/\/candidatelier.fr\/wp-content\/uploads\/2025\/05\/LABO_WEB_ATELIER-COUTURE-10.jpg'><img loading=\"lazy\" decoding=\"async\" width=\"768\" height=\"576\" src=\"https:\/\/candidatelier.fr\/wp-content\/uploads\/2025\/05\/LABO_WEB_ATELIER-COUTURE-10-768x576.jpg\" class=\"attachment-medium_large size-medium_large\" alt=\"\" srcset=\"https:\/\/candidatelier.fr\/wp-content\/uploads\/2025\/05\/LABO_WEB_ATELIER-COUTURE-10-768x576.jpg 768w, https:\/\/candidatelier.fr\/wp-content\/uploads\/2025\/05\/LABO_WEB_ATELIER-COUTURE-10-300x225.jpg 300w, https:\/\/candidatelier.fr\/wp-content\/uploads\/2025\/05\/LABO_WEB_ATELIER-COUTURE-10.jpg 1024w\" sizes=\"(max-width: 768px) 100vw, 768px\" \/><\/a>\n\t\t\t<\/div><\/figure><figure class='gallery-item'>\n\t\t\t<div class='gallery-icon landscape'>\n\t\t\t\t<a data-elementor-open-lightbox=\"no\" href='https:\/\/candidatelier.fr\/wp-content\/uploads\/2025\/05\/LABO_WEB_ATELIER-COMMUN-19.jpg'><img loading=\"lazy\" decoding=\"async\" width=\"768\" height=\"576\" src=\"https:\/\/candidatelier.fr\/wp-content\/uploads\/2025\/05\/LABO_WEB_ATELIER-COMMUN-19-768x576.jpg\" class=\"attachment-medium_large size-medium_large\" alt=\"\" srcset=\"https:\/\/candidatelier.fr\/wp-content\/uploads\/2025\/05\/LABO_WEB_ATELIER-COMMUN-19-768x576.jpg 768w, https:\/\/candidatelier.fr\/wp-content\/uploads\/2025\/05\/LABO_WEB_ATELIER-COMMUN-19-300x225.jpg 300w, https:\/\/candidatelier.fr\/wp-content\/uploads\/2025\/05\/LABO_WEB_ATELIER-COMMUN-19.jpg 1024w\" sizes=\"(max-width: 768px) 100vw, 768px\" \/><\/a>\n\t\t\t<\/div><\/figure><figure class='gallery-item'>\n\t\t\t<div class='gallery-icon landscape'>\n\t\t\t\t<a data-elementor-open-lightbox=\"no\" href='https:\/\/candidatelier.fr\/wp-content\/uploads\/2025\/05\/LABO_WEB_ATELIER-COMMUN-24.jpg'><img loading=\"lazy\" decoding=\"async\" width=\"768\" height=\"576\" src=\"https:\/\/candidatelier.fr\/wp-content\/uploads\/2025\/05\/LABO_WEB_ATELIER-COMMUN-24-768x576.jpg\" class=\"attachment-medium_large size-medium_large\" alt=\"\" srcset=\"https:\/\/candidatelier.fr\/wp-content\/uploads\/2025\/05\/LABO_WEB_ATELIER-COMMUN-24-768x576.jpg 768w, https:\/\/candidatelier.fr\/wp-content\/uploads\/2025\/05\/LABO_WEB_ATELIER-COMMUN-24-300x225.jpg 300w, https:\/\/candidatelier.fr\/wp-content\/uploads\/2025\/05\/LABO_WEB_ATELIER-COMMUN-24.jpg 1024w\" sizes=\"(max-width: 768px) 100vw, 768px\" \/><\/a>\n\t\t\t<\/div><\/figure><figure class='gallery-item'>\n\t\t\t<div class='gallery-icon landscape'>\n\t\t\t\t<a data-elementor-open-lightbox=\"no\" href='https:\/\/candidatelier.fr\/wp-content\/uploads\/2025\/05\/LABO_WEB_ATELIER-COMMUN-23.jpg'><img loading=\"lazy\" decoding=\"async\" width=\"768\" height=\"576\" src=\"https:\/\/candidatelier.fr\/wp-content\/uploads\/2025\/05\/LABO_WEB_ATELIER-COMMUN-23-768x576.jpg\" class=\"attachment-medium_large size-medium_large\" alt=\"\" srcset=\"https:\/\/candidatelier.fr\/wp-content\/uploads\/2025\/05\/LABO_WEB_ATELIER-COMMUN-23-768x576.jpg 768w, https:\/\/candidatelier.fr\/wp-content\/uploads\/2025\/05\/LABO_WEB_ATELIER-COMMUN-23-300x225.jpg 300w, https:\/\/candidatelier.fr\/wp-content\/uploads\/2025\/05\/LABO_WEB_ATELIER-COMMUN-23.jpg 1024w\" sizes=\"(max-width: 768px) 100vw, 768px\" \/><\/a>\n\t\t\t<\/div><\/figure><figure class='gallery-item'>\n\t\t\t<div class='gallery-icon landscape'>\n\t\t\t\t<a data-elementor-open-lightbox=\"no\" href='https:\/\/candidatelier.fr\/wp-content\/uploads\/2025\/05\/LABO_WEB_ATELIER-CRECHE-12.jpg'><img loading=\"lazy\" decoding=\"async\" width=\"768\" height=\"576\" src=\"https:\/\/candidatelier.fr\/wp-content\/uploads\/2025\/05\/LABO_WEB_ATELIER-CRECHE-12-768x576.jpg\" class=\"attachment-medium_large size-medium_large\" alt=\"\" srcset=\"https:\/\/candidatelier.fr\/wp-content\/uploads\/2025\/05\/LABO_WEB_ATELIER-CRECHE-12-768x576.jpg 768w, https:\/\/candidatelier.fr\/wp-content\/uploads\/2025\/05\/LABO_WEB_ATELIER-CRECHE-12-300x225.jpg 300w, https:\/\/candidatelier.fr\/wp-content\/uploads\/2025\/05\/LABO_WEB_ATELIER-CRECHE-12.jpg 1024w\" sizes=\"(max-width: 768px) 100vw, 768px\" \/><\/a>\n\t\t\t<\/div><\/figure><figure class='gallery-item'>\n\t\t\t<div class='gallery-icon landscape'>\n\t\t\t\t<a data-elementor-open-lightbox=\"no\" href='https:\/\/candidatelier.fr\/wp-content\/uploads\/2025\/05\/LABO_WEB_ATELIER-CRECHE-32.jpg'><img loading=\"lazy\" decoding=\"async\" width=\"768\" height=\"576\" src=\"https:\/\/candidatelier.fr\/wp-content\/uploads\/2025\/05\/LABO_WEB_ATELIER-CRECHE-32-768x576.jpg\" class=\"attachment-medium_large size-medium_large\" alt=\"\" srcset=\"https:\/\/candidatelier.fr\/wp-content\/uploads\/2025\/05\/LABO_WEB_ATELIER-CRECHE-32-768x576.jpg 768w, https:\/\/candidatelier.fr\/wp-content\/uploads\/2025\/05\/LABO_WEB_ATELIER-CRECHE-32-300x225.jpg 300w, https:\/\/candidatelier.fr\/wp-content\/uploads\/2025\/05\/LABO_WEB_ATELIER-CRECHE-32.jpg 1024w\" sizes=\"(max-width: 768px) 100vw, 768px\" \/><\/a>\n\t\t\t<\/div><\/figure><figure class='gallery-item'>\n\t\t\t<div class='gallery-icon landscape'>\n\t\t\t\t<a data-elementor-open-lightbox=\"no\" href='https:\/\/candidatelier.fr\/wp-content\/uploads\/2025\/05\/LABO_WEB_ATELIER-CRECHE-18.jpg'><img loading=\"lazy\" decoding=\"async\" width=\"768\" height=\"576\" src=\"https:\/\/candidatelier.fr\/wp-content\/uploads\/2025\/05\/LABO_WEB_ATELIER-CRECHE-18-768x576.jpg\" class=\"attachment-medium_large size-medium_large\" alt=\"\" srcset=\"https:\/\/candidatelier.fr\/wp-content\/uploads\/2025\/05\/LABO_WEB_ATELIER-CRECHE-18-768x576.jpg 768w, https:\/\/candidatelier.fr\/wp-content\/uploads\/2025\/05\/LABO_WEB_ATELIER-CRECHE-18-300x225.jpg 300w, https:\/\/candidatelier.fr\/wp-content\/uploads\/2025\/05\/LABO_WEB_ATELIER-CRECHE-18.jpg 1024w\" sizes=\"(max-width: 768px) 100vw, 768px\" \/><\/a>\n\t\t\t<\/div><\/figure><figure class='gallery-item'>\n\t\t\t<div class='gallery-icon portrait'>\n\t\t\t\t<a data-elementor-open-lightbox=\"no\" href='https:\/\/candidatelier.fr\/wp-content\/uploads\/2025\/05\/LABO_WEB_RET_DSC_0547.jpg'><img loading=\"lazy\" decoding=\"async\" width=\"768\" height=\"1157\" src=\"https:\/\/candidatelier.fr\/wp-content\/uploads\/2025\/05\/LABO_WEB_RET_DSC_0547-768x1157.jpg\" class=\"attachment-medium_large size-medium_large\" alt=\"\" srcset=\"https:\/\/candidatelier.fr\/wp-content\/uploads\/2025\/05\/LABO_WEB_RET_DSC_0547-768x1157.jpg 768w, https:\/\/candidatelier.fr\/wp-content\/uploads\/2025\/05\/LABO_WEB_RET_DSC_0547-199x300.jpg 199w, https:\/\/candidatelier.fr\/wp-content\/uploads\/2025\/05\/LABO_WEB_RET_DSC_0547-680x1024.jpg 680w, https:\/\/candidatelier.fr\/wp-content\/uploads\/2025\/05\/LABO_WEB_RET_DSC_0547-1020x1536.jpg 1020w, https:\/\/candidatelier.fr\/wp-content\/uploads\/2025\/05\/LABO_WEB_RET_DSC_0547.jpg 1024w\" sizes=\"(max-width: 768px) 100vw, 768px\" \/><\/a>\n\t\t\t<\/div><\/figure><figure class='gallery-item'>\n\t\t\t<div class='gallery-icon portrait'>\n\t\t\t\t<a data-elementor-open-lightbox=\"no\" href='https:\/\/candidatelier.fr\/wp-content\/uploads\/2025\/05\/LABO_WEB_RET_DSC_0396.jpg'><img loading=\"lazy\" decoding=\"async\" width=\"768\" height=\"1157\" src=\"https:\/\/candidatelier.fr\/wp-content\/uploads\/2025\/05\/LABO_WEB_RET_DSC_0396-768x1157.jpg\" class=\"attachment-medium_large size-medium_large\" alt=\"\" srcset=\"https:\/\/candidatelier.fr\/wp-content\/uploads\/2025\/05\/LABO_WEB_RET_DSC_0396-768x1157.jpg 768w, https:\/\/candidatelier.fr\/wp-content\/uploads\/2025\/05\/LABO_WEB_RET_DSC_0396-199x300.jpg 199w, https:\/\/candidatelier.fr\/wp-content\/uploads\/2025\/05\/LABO_WEB_RET_DSC_0396-680x1024.jpg 680w, https:\/\/candidatelier.fr\/wp-content\/uploads\/2025\/05\/LABO_WEB_RET_DSC_0396-1020x1536.jpg 1020w, https:\/\/candidatelier.fr\/wp-content\/uploads\/2025\/05\/LABO_WEB_RET_DSC_0396.jpg 1024w\" sizes=\"(max-width: 768px) 100vw, 768px\" \/><\/a>\n\t\t\t<\/div><\/figure><figure class='gallery-item'>\n\t\t\t<div class='gallery-icon portrait'>\n\t\t\t\t<a data-elementor-open-lightbox=\"no\" href='https:\/\/candidatelier.fr\/wp-content\/uploads\/2025\/05\/LABO_WEB_RET_DSC_0498.jpg'><img loading=\"lazy\" decoding=\"async\" width=\"768\" height=\"1157\" src=\"https:\/\/candidatelier.fr\/wp-content\/uploads\/2025\/05\/LABO_WEB_RET_DSC_0498-768x1157.jpg\" class=\"attachment-medium_large size-medium_large\" alt=\"\" srcset=\"https:\/\/candidatelier.fr\/wp-content\/uploads\/2025\/05\/LABO_WEB_RET_DSC_0498-768x1157.jpg 768w, https:\/\/candidatelier.fr\/wp-content\/uploads\/2025\/05\/LABO_WEB_RET_DSC_0498-199x300.jpg 199w, https:\/\/candidatelier.fr\/wp-content\/uploads\/2025\/05\/LABO_WEB_RET_DSC_0498-680x1024.jpg 680w, https:\/\/candidatelier.fr\/wp-content\/uploads\/2025\/05\/LABO_WEB_RET_DSC_0498-1020x1536.jpg 1020w, https:\/\/candidatelier.fr\/wp-content\/uploads\/2025\/05\/LABO_WEB_RET_DSC_0498.jpg 1024w\" sizes=\"(max-width: 768px) 100vw, 768px\" \/><\/a>\n\t\t\t<\/div><\/figure>\n\t\t<\/div>\n\t\t<\/div>\n\t\t\t\t\t\t<\/div>\n\t\t\t\t<\/div>\n\t\t\t\t<\/div>\n\t\t\t\t<\/div>\n\t\t<div class=\"elementor-element elementor-element-a59609d e-con-full e-flex e-con e-parent\" data-id=\"a59609d\" data-element_type=\"container\" data-e-type=\"container\">\n\t\t<div class=\"elementor-element elementor-element-90041d9 e-con-full e-flex e-con e-child\" data-id=\"90041d9\" data-element_type=\"container\" data-e-type=\"container\">\n\t\t\t\t<div class=\"elementor-element elementor-element-4bb94bb elementor-widget elementor-widget-button\" data-id=\"4bb94bb\" data-element_type=\"widget\" data-e-type=\"widget\" data-widget_type=\"button.default\">\n\t\t\t\t<div class=\"elementor-widget-container\">\n\t\t\t\t\t\t\t\t\t<div class=\"elementor-button-wrapper\">\n\t\t\t\t\t<a class=\"elementor-button elementor-button-link elementor-size-sm\" href=\"https:\/\/candidatelier.fr\/?page_id=711\">\n\t\t\t\t\t\t<span class=\"elementor-button-content-wrapper\">\n\t\t\t\t\t\t<span class=\"elementor-button-icon\">\n\t\t\t\t<svg aria-hidden=\"true\" class=\"e-font-icon-svg e-far-arrow-alt-circle-left\" viewBox=\"0 0 512 512\" xmlns=\"http:\/\/www.w3.org\/2000\/svg\"><path d=\"M8 256c0 137 111 248 248 248s248-111 248-248S393 8 256 8 8 119 8 256zm448 0c0 110.5-89.5 200-200 200S56 366.5 56 256 145.5 56 256 56s200 89.5 200 200zm-72-20v40c0 6.6-5.4 12-12 12H256v67c0 10.7-12.9 16-20.5 8.5l-99-99c-4.7-4.7-4.7-12.3 0-17l99-99c7.6-7.6 20.5-2.2 20.5 8.5v67h116c6.6 0 12 5.4 12 12z\"><\/path><\/svg>\t\t\t<\/span>\n\t\t\t\t\t\t\t\t\t<span class=\"elementor-button-text\">Investissage<\/span>\n\t\t\t\t\t<\/span>\n\t\t\t\t\t<\/a>\n\t\t\t\t<\/div>\n\t\t\t\t\t\t\t\t<\/div>\n\t\t\t\t<\/div>\n\t\t\t\t<\/div>\n\t\t<div class=\"elementor-element elementor-element-05ec006 e-con-full e-flex e-con e-child\" data-id=\"05ec006\" data-element_type=\"container\" data-e-type=\"container\">\n\t\t\t\t<div class=\"elementor-element elementor-element-628b10c elementor-align-right elementor-widget elementor-widget-button\" data-id=\"628b10c\" data-element_type=\"widget\" data-e-type=\"widget\" data-widget_type=\"button.default\">\n\t\t\t\t<div class=\"elementor-widget-container\">\n\t\t\t\t\t\t\t\t\t<div class=\"elementor-button-wrapper\">\n\t\t\t\t\t<a class=\"elementor-button elementor-button-link elementor-size-sm\" href=\"https:\/\/candidatelier.fr\/?page_id=821\">\n\t\t\t\t\t\t<span class=\"elementor-button-content-wrapper\">\n\t\t\t\t\t\t<span class=\"elementor-button-icon\">\n\t\t\t\t<svg aria-hidden=\"true\" class=\"e-font-icon-svg e-far-arrow-alt-circle-right\" viewBox=\"0 0 512 512\" xmlns=\"http:\/\/www.w3.org\/2000\/svg\"><path d=\"M504 256C504 119 393 8 256 8S8 119 8 256s111 248 248 248 248-111 248-248zm-448 0c0-110.5 89.5-200 200-200s200 89.5 200 200-89.5 200-200 200S56 366.5 56 256zm72 20v-40c0-6.6 5.4-12 12-12h116v-67c0-10.7 12.9-16 20.5-8.5l99 99c4.7 4.7 4.7 12.3 0 17l-99 99c-7.6 7.6-20.5 2.2-20.5-8.5v-67H140c-6.6 0-12-5.4-12-12z\"><\/path><\/svg>\t\t\t<\/span>\n\t\t\t\t\t\t\t\t\t<span class=\"elementor-button-text\">Noodlemap<\/span>\n\t\t\t\t\t<\/span>\n\t\t\t\t\t<\/a>\n\t\t\t\t<\/div>\n\t\t\t\t\t\t\t\t<\/div>\n\t\t\t\t<\/div>\n\t\t\t\t<\/div>\n\t\t\t\t<\/div>\n\t\t\t\t<\/div>\n\t\t","protected":false},"excerpt":{"rendered":"<p>LABO R\u00e9sidence \u00e0 l&#8217;EHPAD Duc\u00e9lia, Castellane.2023 ContexteEn collaboration avec l&#8217;association Art &amp; Culture La Chouette, mise en place de temps de cr\u00e9ation collective pour rapprocher les diff\u00e9rentes g\u00e9n\u00e9rations du village.&nbsp; Publics&nbsp;R\u00e9sident\u00b7es de l&#8217;EHPAD Duc\u00e9lia et enfants de la cr\u00e8che de Castellane.&nbsp; ProductionsOeuvres textiles et installations olfactives, pi\u00e8ces en papier et teintures v\u00e9g\u00e9tales, pi\u00e8ces en papiers [&hellip;]<\/p>\n","protected":false},"author":1,"featured_media":0,"parent":0,"menu_order":0,"comment_status":"closed","ping_status":"closed","template":"","meta":{"ocean_post_layout":"","ocean_both_sidebars_style":"","ocean_both_sidebars_content_width":0,"ocean_both_sidebars_sidebars_width":0,"ocean_sidebar":"","ocean_second_sidebar":"","ocean_disable_margins":"enable","ocean_add_body_class":"","ocean_shortcode_before_top_bar":"","ocean_shortcode_after_top_bar":"","ocean_shortcode_before_header":"","ocean_shortcode_after_header":"","ocean_has_shortcode":"","ocean_shortcode_after_title":"","ocean_shortcode_before_footer_widgets":"","ocean_shortcode_after_footer_widgets":"","ocean_shortcode_before_footer_bottom":"","ocean_shortcode_after_footer_bottom":"","ocean_display_top_bar":"default","ocean_display_header":"default","ocean_header_style":"","ocean_center_header_left_menu":"","ocean_custom_header_template":"","ocean_custom_logo":0,"ocean_custom_retina_logo":0,"ocean_custom_logo_max_width":0,"ocean_custom_logo_tablet_max_width":0,"ocean_custom_logo_mobile_max_width":0,"ocean_custom_logo_max_height":0,"ocean_custom_logo_tablet_max_height":0,"ocean_custom_logo_mobile_max_height":0,"ocean_header_custom_menu":"","ocean_menu_typo_font_family":"","ocean_menu_typo_font_subset":"","ocean_menu_typo_font_size":0,"ocean_menu_typo_font_size_tablet":0,"ocean_menu_typo_font_size_mobile":0,"ocean_menu_typo_font_size_unit":"px","ocean_menu_typo_font_weight":"","ocean_menu_typo_font_weight_tablet":"","ocean_menu_typo_font_weight_mobile":"","ocean_menu_typo_transform":"","ocean_menu_typo_transform_tablet":"","ocean_menu_typo_transform_mobile":"","ocean_menu_typo_line_height":0,"ocean_menu_typo_line_height_tablet":0,"ocean_menu_typo_line_height_mobile":0,"ocean_menu_typo_line_height_unit":"","ocean_menu_typo_spacing":0,"ocean_menu_typo_spacing_tablet":0,"ocean_menu_typo_spacing_mobile":0,"ocean_menu_typo_spacing_unit":"","ocean_menu_link_color":"","ocean_menu_link_color_hover":"","ocean_menu_link_color_active":"","ocean_menu_link_background":"","ocean_menu_link_hover_background":"","ocean_menu_link_active_background":"","ocean_menu_social_links_bg":"","ocean_menu_social_hover_links_bg":"","ocean_menu_social_links_color":"","ocean_menu_social_hover_links_color":"","ocean_disable_title":"default","ocean_disable_heading":"default","ocean_post_title":"","ocean_post_subheading":"","ocean_post_title_style":"","ocean_post_title_background_color":"","ocean_post_title_background":0,"ocean_post_title_bg_image_position":"","ocean_post_title_bg_image_attachment":"","ocean_post_title_bg_image_repeat":"","ocean_post_title_bg_image_size":"","ocean_post_title_height":0,"ocean_post_title_bg_overlay":0.5,"ocean_post_title_bg_overlay_color":"","ocean_disable_breadcrumbs":"default","ocean_breadcrumbs_color":"","ocean_breadcrumbs_separator_color":"","ocean_breadcrumbs_links_color":"","ocean_breadcrumbs_links_hover_color":"","ocean_display_footer_widgets":"default","ocean_display_footer_bottom":"default","ocean_custom_footer_template":"","footnotes":""},"class_list":["post-727","page","type-page","status-publish","hentry","entry"],"_links":{"self":[{"href":"https:\/\/candidatelier.fr\/index.php?rest_route=\/wp\/v2\/pages\/727","targetHints":{"allow":["GET"]}}],"collection":[{"href":"https:\/\/candidatelier.fr\/index.php?rest_route=\/wp\/v2\/pages"}],"about":[{"href":"https:\/\/candidatelier.fr\/index.php?rest_route=\/wp\/v2\/types\/page"}],"author":[{"embeddable":true,"href":"https:\/\/candidatelier.fr\/index.php?rest_route=\/wp\/v2\/users\/1"}],"replies":[{"embeddable":true,"href":"https:\/\/candidatelier.fr\/index.php?rest_route=%2Fwp%2Fv2%2Fcomments&post=727"}],"version-history":[{"count":19,"href":"https:\/\/candidatelier.fr\/index.php?rest_route=\/wp\/v2\/pages\/727\/revisions"}],"predecessor-version":[{"id":2144,"href":"https:\/\/candidatelier.fr\/index.php?rest_route=\/wp\/v2\/pages\/727\/revisions\/2144"}],"wp:attachment":[{"href":"https:\/\/candidatelier.fr\/index.php?rest_route=%2Fwp%2Fv2%2Fmedia&parent=727"}],"curies":[{"name":"wp","href":"https:\/\/api.w.org\/{rel}","templated":true}]}}