{"id":580,"date":"2025-05-12T16:37:19","date_gmt":"2025-05-12T14:37:19","guid":{"rendered":"https:\/\/candidatelier.fr\/?page_id=580"},"modified":"2026-03-18T12:40:15","modified_gmt":"2026-03-18T11:40:15","slug":"chindogu","status":"publish","type":"page","link":"https:\/\/candidatelier.fr\/?page_id=580","title":{"rendered":"Chindogu"},"content":{"rendered":"\t\t<div data-elementor-type=\"wp-page\" data-elementor-id=\"580\" class=\"elementor elementor-580\">\n\t\t\t\t<div class=\"elementor-element elementor-element-ce60671 e-flex e-con-boxed e-con e-parent\" data-id=\"ce60671\" data-element_type=\"container\" data-e-type=\"container\">\n\t\t\t\t\t<div class=\"e-con-inner\">\n\t\t\t\t<div class=\"elementor-element elementor-element-0c779aa elementor-widget elementor-widget-spacer\" data-id=\"0c779aa\" data-element_type=\"widget\" data-e-type=\"widget\" data-widget_type=\"spacer.default\">\n\t\t\t\t<div class=\"elementor-widget-container\">\n\t\t\t\t\t\t\t<div class=\"elementor-spacer\">\n\t\t\t<div class=\"elementor-spacer-inner\"><\/div>\n\t\t<\/div>\n\t\t\t\t\t\t<\/div>\n\t\t\t\t<\/div>\n\t\t\t\t\t<\/div>\n\t\t\t\t<\/div>\n\t\t<div class=\"elementor-element elementor-element-a74e65c e-con-full e-flex e-con e-parent\" data-id=\"a74e65c\" data-element_type=\"container\" data-e-type=\"container\">\n\t\t<div class=\"elementor-element elementor-element-820ab70 e-con-full e-flex e-con e-child\" data-id=\"820ab70\" data-element_type=\"container\" data-e-type=\"container\">\n\t\t\t\t<div class=\"elementor-element elementor-element-0ccd0a8 elementor-widget elementor-widget-heading\" data-id=\"0ccd0a8\" data-element_type=\"widget\" data-e-type=\"widget\" data-widget_type=\"heading.default\">\n\t\t\t\t<div class=\"elementor-widget-container\">\n\t\t\t\t\t<h2 class=\"elementor-heading-title elementor-size-default\">Chindogu<\/h2>\t\t\t\t<\/div>\n\t\t\t\t<\/div>\n\t\t\t\t<div class=\"elementor-element elementor-element-cbfe7b7 elementor-widget__width-initial elementor-widget elementor-widget-text-editor\" data-id=\"cbfe7b7\" data-element_type=\"widget\" data-e-type=\"widget\" data-widget_type=\"text-editor.default\">\n\t\t\t\t<div class=\"elementor-widget-container\">\n\t\t\t\t\t\t\t\t\t<p><b>R\u00e9sidence \u00e0 l&#8217;ENILIA, Surg\u00e8res<br><\/b><span style=\"font-size: 14px;\">2021<\/span><\/p>\n<p><strong>Contexte<\/strong><br>R\u00e9sidence de cr\u00e9ation collective en milieu scolaire sur le th\u00e8me du recyclage.<\/p>\n<p><strong>Publics<\/strong>&nbsp;<br>\u00c9l\u00e8ves de 2nde Pro de l&#8217;\u00c9cole Nationale d&#8217;Industrie Laiti\u00e8re et des Industries Agroalimentaires.<\/p>\n<p><strong>Productions<\/strong><br>Chindogu, objets absurdes pour r\u00e9soudre les probl\u00e8mes du quotidiens et notices de fabrication.<\/p>\n<p><strong>Partenaires<\/strong><br>ENILIA<\/p><p><span style=\"font-variant-ligatures: normal; font-variant-caps: normal; font-family: Barlow, sans-serif; font-size: 15px; font-style: normal; font-weight: 700;\">Financeurs<\/span><br><span style=\"font-family: Barlow, sans-serif; font-size: 15px; font-style: normal; font-variant-ligatures: normal; font-variant-caps: normal; font-weight: 400;\">R\u00e9gion Nouvelle-Aquitaine&nbsp;<\/span><\/p>\t\t\t\t\t\t\t\t<\/div>\n\t\t\t\t<\/div>\n\t\t\t\t<\/div>\n\t\t<div class=\"elementor-element elementor-element-c285bdc e-con-full e-flex e-con e-child\" data-id=\"c285bdc\" data-element_type=\"container\" data-e-type=\"container\">\n\t\t\t\t<div class=\"elementor-element elementor-element-a57cccd gallery-spacing-custom elementor-widget elementor-widget-image-gallery\" data-id=\"a57cccd\" data-element_type=\"widget\" data-e-type=\"widget\" data-settings=\"{&quot;_animation&quot;:&quot;none&quot;}\" data-widget_type=\"image-gallery.default\">\n\t\t\t\t<div class=\"elementor-widget-container\">\n\t\t\t\t\t\t\t<div class=\"elementor-image-gallery\">\n\t\t\t<div id='gallery-1' class='gallery galleryid-580 gallery-columns-3 gallery-size-medium_large'><figure class='gallery-item'>\n\t\t\t<div class='gallery-icon landscape'>\n\t\t\t\t<a data-elementor-open-lightbox=\"no\" href='https:\/\/candidatelier.fr\/wp-content\/uploads\/2025\/05\/CHINDOGI_WEB_RET_P1002652.jpg'><img fetchpriority=\"high\" decoding=\"async\" width=\"768\" height=\"576\" src=\"https:\/\/candidatelier.fr\/wp-content\/uploads\/2025\/05\/CHINDOGI_WEB_RET_P1002652-768x576.jpg\" class=\"attachment-medium_large size-medium_large\" alt=\"\" srcset=\"https:\/\/candidatelier.fr\/wp-content\/uploads\/2025\/05\/CHINDOGI_WEB_RET_P1002652-768x576.jpg 768w, https:\/\/candidatelier.fr\/wp-content\/uploads\/2025\/05\/CHINDOGI_WEB_RET_P1002652-300x225.jpg 300w, https:\/\/candidatelier.fr\/wp-content\/uploads\/2025\/05\/CHINDOGI_WEB_RET_P1002652.jpg 1024w\" sizes=\"(max-width: 768px) 100vw, 768px\" \/><\/a>\n\t\t\t<\/div><\/figure><figure class='gallery-item'>\n\t\t\t<div class='gallery-icon landscape'>\n\t\t\t\t<a data-elementor-open-lightbox=\"no\" href='https:\/\/candidatelier.fr\/wp-content\/uploads\/2025\/05\/CHINDOGU_WEB_RET_4P1002755.jpg'><img decoding=\"async\" width=\"768\" height=\"576\" src=\"https:\/\/candidatelier.fr\/wp-content\/uploads\/2025\/05\/CHINDOGU_WEB_RET_4P1002755-768x576.jpg\" class=\"attachment-medium_large size-medium_large\" alt=\"\" srcset=\"https:\/\/candidatelier.fr\/wp-content\/uploads\/2025\/05\/CHINDOGU_WEB_RET_4P1002755-768x576.jpg 768w, https:\/\/candidatelier.fr\/wp-content\/uploads\/2025\/05\/CHINDOGU_WEB_RET_4P1002755-300x225.jpg 300w, https:\/\/candidatelier.fr\/wp-content\/uploads\/2025\/05\/CHINDOGU_WEB_RET_4P1002755.jpg 1024w\" sizes=\"(max-width: 768px) 100vw, 768px\" \/><\/a>\n\t\t\t<\/div><\/figure><figure class='gallery-item'>\n\t\t\t<div class='gallery-icon landscape'>\n\t\t\t\t<a data-elementor-open-lightbox=\"no\" href='https:\/\/candidatelier.fr\/wp-content\/uploads\/2025\/05\/CHINDOGU_WEB_RET_P1002657.jpg'><img decoding=\"async\" width=\"768\" height=\"576\" src=\"https:\/\/candidatelier.fr\/wp-content\/uploads\/2025\/05\/CHINDOGU_WEB_RET_P1002657-768x576.jpg\" class=\"attachment-medium_large size-medium_large\" alt=\"\" srcset=\"https:\/\/candidatelier.fr\/wp-content\/uploads\/2025\/05\/CHINDOGU_WEB_RET_P1002657-768x576.jpg 768w, https:\/\/candidatelier.fr\/wp-content\/uploads\/2025\/05\/CHINDOGU_WEB_RET_P1002657-300x225.jpg 300w, https:\/\/candidatelier.fr\/wp-content\/uploads\/2025\/05\/CHINDOGU_WEB_RET_P1002657.jpg 1024w\" sizes=\"(max-width: 768px) 100vw, 768px\" \/><\/a>\n\t\t\t<\/div><\/figure><figure class='gallery-item'>\n\t\t\t<div class='gallery-icon landscape'>\n\t\t\t\t<a data-elementor-open-lightbox=\"no\" href='https:\/\/candidatelier.fr\/wp-content\/uploads\/2025\/05\/CHINDOGU_WEB_RET_P1002667.jpg'><img loading=\"lazy\" decoding=\"async\" width=\"768\" height=\"576\" src=\"https:\/\/candidatelier.fr\/wp-content\/uploads\/2025\/05\/CHINDOGU_WEB_RET_P1002667-768x576.jpg\" class=\"attachment-medium_large size-medium_large\" alt=\"\" srcset=\"https:\/\/candidatelier.fr\/wp-content\/uploads\/2025\/05\/CHINDOGU_WEB_RET_P1002667-768x576.jpg 768w, https:\/\/candidatelier.fr\/wp-content\/uploads\/2025\/05\/CHINDOGU_WEB_RET_P1002667-300x225.jpg 300w, https:\/\/candidatelier.fr\/wp-content\/uploads\/2025\/05\/CHINDOGU_WEB_RET_P1002667.jpg 1024w\" sizes=\"(max-width: 768px) 100vw, 768px\" \/><\/a>\n\t\t\t<\/div><\/figure><figure class='gallery-item'>\n\t\t\t<div class='gallery-icon landscape'>\n\t\t\t\t<a data-elementor-open-lightbox=\"no\" href='https:\/\/candidatelier.fr\/wp-content\/uploads\/2025\/05\/CHINDOGU_WEB_RET_P10026721.jpg'><img loading=\"lazy\" decoding=\"async\" width=\"768\" height=\"576\" src=\"https:\/\/candidatelier.fr\/wp-content\/uploads\/2025\/05\/CHINDOGU_WEB_RET_P10026721-768x576.jpg\" class=\"attachment-medium_large size-medium_large\" alt=\"\" srcset=\"https:\/\/candidatelier.fr\/wp-content\/uploads\/2025\/05\/CHINDOGU_WEB_RET_P10026721-768x576.jpg 768w, https:\/\/candidatelier.fr\/wp-content\/uploads\/2025\/05\/CHINDOGU_WEB_RET_P10026721-300x225.jpg 300w, https:\/\/candidatelier.fr\/wp-content\/uploads\/2025\/05\/CHINDOGU_WEB_RET_P10026721.jpg 1024w\" sizes=\"(max-width: 768px) 100vw, 768px\" \/><\/a>\n\t\t\t<\/div><\/figure><figure class='gallery-item'>\n\t\t\t<div class='gallery-icon landscape'>\n\t\t\t\t<a data-elementor-open-lightbox=\"no\" href='https:\/\/candidatelier.fr\/wp-content\/uploads\/2025\/05\/CHINDOGU_WEB_RET_P1002690.jpg'><img loading=\"lazy\" decoding=\"async\" width=\"768\" height=\"576\" src=\"https:\/\/candidatelier.fr\/wp-content\/uploads\/2025\/05\/CHINDOGU_WEB_RET_P1002690-768x576.jpg\" class=\"attachment-medium_large size-medium_large\" alt=\"\" srcset=\"https:\/\/candidatelier.fr\/wp-content\/uploads\/2025\/05\/CHINDOGU_WEB_RET_P1002690-768x576.jpg 768w, https:\/\/candidatelier.fr\/wp-content\/uploads\/2025\/05\/CHINDOGU_WEB_RET_P1002690-300x225.jpg 300w, https:\/\/candidatelier.fr\/wp-content\/uploads\/2025\/05\/CHINDOGU_WEB_RET_P1002690.jpg 1024w\" sizes=\"(max-width: 768px) 100vw, 768px\" \/><\/a>\n\t\t\t<\/div><\/figure><figure class='gallery-item'>\n\t\t\t<div class='gallery-icon landscape'>\n\t\t\t\t<a data-elementor-open-lightbox=\"no\" href='https:\/\/candidatelier.fr\/wp-content\/uploads\/2025\/05\/CHINDOGU_WEB_RET_P10026941.jpg'><img loading=\"lazy\" decoding=\"async\" width=\"768\" height=\"576\" src=\"https:\/\/candidatelier.fr\/wp-content\/uploads\/2025\/05\/CHINDOGU_WEB_RET_P10026941-768x576.jpg\" class=\"attachment-medium_large size-medium_large\" alt=\"\" srcset=\"https:\/\/candidatelier.fr\/wp-content\/uploads\/2025\/05\/CHINDOGU_WEB_RET_P10026941-768x576.jpg 768w, https:\/\/candidatelier.fr\/wp-content\/uploads\/2025\/05\/CHINDOGU_WEB_RET_P10026941-300x225.jpg 300w, https:\/\/candidatelier.fr\/wp-content\/uploads\/2025\/05\/CHINDOGU_WEB_RET_P10026941.jpg 1024w\" sizes=\"(max-width: 768px) 100vw, 768px\" \/><\/a>\n\t\t\t<\/div><\/figure><figure class='gallery-item'>\n\t\t\t<div class='gallery-icon landscape'>\n\t\t\t\t<a data-elementor-open-lightbox=\"no\" href='https:\/\/candidatelier.fr\/wp-content\/uploads\/2025\/05\/CHINDOGU_WEB_RET_P1002699.jpg'><img loading=\"lazy\" decoding=\"async\" width=\"768\" height=\"576\" src=\"https:\/\/candidatelier.fr\/wp-content\/uploads\/2025\/05\/CHINDOGU_WEB_RET_P1002699-768x576.jpg\" class=\"attachment-medium_large size-medium_large\" alt=\"\" srcset=\"https:\/\/candidatelier.fr\/wp-content\/uploads\/2025\/05\/CHINDOGU_WEB_RET_P1002699-768x576.jpg 768w, https:\/\/candidatelier.fr\/wp-content\/uploads\/2025\/05\/CHINDOGU_WEB_RET_P1002699-300x225.jpg 300w, https:\/\/candidatelier.fr\/wp-content\/uploads\/2025\/05\/CHINDOGU_WEB_RET_P1002699.jpg 1024w\" sizes=\"(max-width: 768px) 100vw, 768px\" \/><\/a>\n\t\t\t<\/div><\/figure><figure class='gallery-item'>\n\t\t\t<div class='gallery-icon landscape'>\n\t\t\t\t<a data-elementor-open-lightbox=\"no\" href='https:\/\/candidatelier.fr\/wp-content\/uploads\/2025\/05\/CHINDOGU_WEB_RET_P1002705.jpg'><img loading=\"lazy\" decoding=\"async\" width=\"768\" height=\"576\" src=\"https:\/\/candidatelier.fr\/wp-content\/uploads\/2025\/05\/CHINDOGU_WEB_RET_P1002705-768x576.jpg\" class=\"attachment-medium_large size-medium_large\" alt=\"\" srcset=\"https:\/\/candidatelier.fr\/wp-content\/uploads\/2025\/05\/CHINDOGU_WEB_RET_P1002705-768x576.jpg 768w, https:\/\/candidatelier.fr\/wp-content\/uploads\/2025\/05\/CHINDOGU_WEB_RET_P1002705-300x225.jpg 300w, https:\/\/candidatelier.fr\/wp-content\/uploads\/2025\/05\/CHINDOGU_WEB_RET_P1002705.jpg 1024w\" sizes=\"(max-width: 768px) 100vw, 768px\" \/><\/a>\n\t\t\t<\/div><\/figure><figure class='gallery-item'>\n\t\t\t<div class='gallery-icon landscape'>\n\t\t\t\t<a data-elementor-open-lightbox=\"no\" href='https:\/\/candidatelier.fr\/wp-content\/uploads\/2025\/05\/CHINDOGU_WEB_RET_P10027121.jpg'><img loading=\"lazy\" decoding=\"async\" width=\"768\" height=\"576\" src=\"https:\/\/candidatelier.fr\/wp-content\/uploads\/2025\/05\/CHINDOGU_WEB_RET_P10027121-768x576.jpg\" class=\"attachment-medium_large size-medium_large\" alt=\"\" srcset=\"https:\/\/candidatelier.fr\/wp-content\/uploads\/2025\/05\/CHINDOGU_WEB_RET_P10027121-768x576.jpg 768w, https:\/\/candidatelier.fr\/wp-content\/uploads\/2025\/05\/CHINDOGU_WEB_RET_P10027121-300x225.jpg 300w, https:\/\/candidatelier.fr\/wp-content\/uploads\/2025\/05\/CHINDOGU_WEB_RET_P10027121.jpg 1024w\" sizes=\"(max-width: 768px) 100vw, 768px\" \/><\/a>\n\t\t\t<\/div><\/figure><figure class='gallery-item'>\n\t\t\t<div class='gallery-icon landscape'>\n\t\t\t\t<a data-elementor-open-lightbox=\"no\" href='https:\/\/candidatelier.fr\/wp-content\/uploads\/2025\/05\/CHINDOGU_WEB_RET_P1002720.jpg'><img loading=\"lazy\" decoding=\"async\" width=\"768\" height=\"576\" src=\"https:\/\/candidatelier.fr\/wp-content\/uploads\/2025\/05\/CHINDOGU_WEB_RET_P1002720-768x576.jpg\" class=\"attachment-medium_large size-medium_large\" alt=\"\" srcset=\"https:\/\/candidatelier.fr\/wp-content\/uploads\/2025\/05\/CHINDOGU_WEB_RET_P1002720-768x576.jpg 768w, https:\/\/candidatelier.fr\/wp-content\/uploads\/2025\/05\/CHINDOGU_WEB_RET_P1002720-300x225.jpg 300w, https:\/\/candidatelier.fr\/wp-content\/uploads\/2025\/05\/CHINDOGU_WEB_RET_P1002720.jpg 1024w\" sizes=\"(max-width: 768px) 100vw, 768px\" \/><\/a>\n\t\t\t<\/div><\/figure><figure class='gallery-item'>\n\t\t\t<div class='gallery-icon landscape'>\n\t\t\t\t<a data-elementor-open-lightbox=\"no\" href='https:\/\/candidatelier.fr\/wp-content\/uploads\/2025\/05\/CHINDOGU_WEB_RET_P1002736.jpg'><img loading=\"lazy\" decoding=\"async\" width=\"768\" height=\"576\" src=\"https:\/\/candidatelier.fr\/wp-content\/uploads\/2025\/05\/CHINDOGU_WEB_RET_P1002736-768x576.jpg\" class=\"attachment-medium_large size-medium_large\" alt=\"\" srcset=\"https:\/\/candidatelier.fr\/wp-content\/uploads\/2025\/05\/CHINDOGU_WEB_RET_P1002736-768x576.jpg 768w, https:\/\/candidatelier.fr\/wp-content\/uploads\/2025\/05\/CHINDOGU_WEB_RET_P1002736-300x225.jpg 300w, https:\/\/candidatelier.fr\/wp-content\/uploads\/2025\/05\/CHINDOGU_WEB_RET_P1002736.jpg 1024w\" sizes=\"(max-width: 768px) 100vw, 768px\" \/><\/a>\n\t\t\t<\/div><\/figure><figure class='gallery-item'>\n\t\t\t<div class='gallery-icon landscape'>\n\t\t\t\t<a data-elementor-open-lightbox=\"no\" href='https:\/\/candidatelier.fr\/wp-content\/uploads\/2025\/05\/CHINDOGU_WEB_RET_P1002762.jpg'><img loading=\"lazy\" decoding=\"async\" width=\"768\" height=\"576\" src=\"https:\/\/candidatelier.fr\/wp-content\/uploads\/2025\/05\/CHINDOGU_WEB_RET_P1002762-768x576.jpg\" class=\"attachment-medium_large size-medium_large\" alt=\"\" srcset=\"https:\/\/candidatelier.fr\/wp-content\/uploads\/2025\/05\/CHINDOGU_WEB_RET_P1002762-768x576.jpg 768w, https:\/\/candidatelier.fr\/wp-content\/uploads\/2025\/05\/CHINDOGU_WEB_RET_P1002762-300x225.jpg 300w, https:\/\/candidatelier.fr\/wp-content\/uploads\/2025\/05\/CHINDOGU_WEB_RET_P1002762.jpg 1024w\" sizes=\"(max-width: 768px) 100vw, 768px\" \/><\/a>\n\t\t\t<\/div><\/figure><figure class='gallery-item'>\n\t\t\t<div class='gallery-icon landscape'>\n\t\t\t\t<a data-elementor-open-lightbox=\"no\" href='https:\/\/candidatelier.fr\/wp-content\/uploads\/2025\/05\/CHINDOGU_WEB_RET_P1002765.jpg'><img loading=\"lazy\" decoding=\"async\" width=\"768\" height=\"576\" src=\"https:\/\/candidatelier.fr\/wp-content\/uploads\/2025\/05\/CHINDOGU_WEB_RET_P1002765-768x576.jpg\" class=\"attachment-medium_large size-medium_large\" alt=\"\" srcset=\"https:\/\/candidatelier.fr\/wp-content\/uploads\/2025\/05\/CHINDOGU_WEB_RET_P1002765-768x576.jpg 768w, https:\/\/candidatelier.fr\/wp-content\/uploads\/2025\/05\/CHINDOGU_WEB_RET_P1002765-300x225.jpg 300w, https:\/\/candidatelier.fr\/wp-content\/uploads\/2025\/05\/CHINDOGU_WEB_RET_P1002765.jpg 1024w\" sizes=\"(max-width: 768px) 100vw, 768px\" \/><\/a>\n\t\t\t<\/div><\/figure><figure class='gallery-item'>\n\t\t\t<div class='gallery-icon landscape'>\n\t\t\t\t<a data-elementor-open-lightbox=\"no\" href='https:\/\/candidatelier.fr\/wp-content\/uploads\/2025\/05\/CHINDOGU_WEB_RET_P1002770.jpg'><img loading=\"lazy\" decoding=\"async\" width=\"768\" height=\"576\" src=\"https:\/\/candidatelier.fr\/wp-content\/uploads\/2025\/05\/CHINDOGU_WEB_RET_P1002770-768x576.jpg\" class=\"attachment-medium_large size-medium_large\" alt=\"\" srcset=\"https:\/\/candidatelier.fr\/wp-content\/uploads\/2025\/05\/CHINDOGU_WEB_RET_P1002770-768x576.jpg 768w, https:\/\/candidatelier.fr\/wp-content\/uploads\/2025\/05\/CHINDOGU_WEB_RET_P1002770-300x225.jpg 300w, https:\/\/candidatelier.fr\/wp-content\/uploads\/2025\/05\/CHINDOGU_WEB_RET_P1002770.jpg 1024w\" sizes=\"(max-width: 768px) 100vw, 768px\" \/><\/a>\n\t\t\t<\/div><\/figure>\n\t\t<\/div>\n\t\t<\/div>\n\t\t\t\t\t\t<\/div>\n\t\t\t\t<\/div>\n\t\t\t\t<\/div>\n\t\t\t\t<\/div>\n\t\t<div class=\"elementor-element elementor-element-a59609d e-con-full e-flex e-con e-parent\" data-id=\"a59609d\" data-element_type=\"container\" data-e-type=\"container\">\n\t\t<div class=\"elementor-element elementor-element-90041d9 e-con-full e-flex e-con e-child\" data-id=\"90041d9\" data-element_type=\"container\" data-e-type=\"container\">\n\t\t\t\t<div class=\"elementor-element elementor-element-4bb94bb elementor-widget elementor-widget-button\" data-id=\"4bb94bb\" data-element_type=\"widget\" data-e-type=\"widget\" data-widget_type=\"button.default\">\n\t\t\t\t<div class=\"elementor-widget-container\">\n\t\t\t\t\t\t\t\t\t<div class=\"elementor-button-wrapper\">\n\t\t\t\t\t<a class=\"elementor-button elementor-button-link elementor-size-sm\" href=\"https:\/\/candidatelier.fr\/?page_id=334\">\n\t\t\t\t\t\t<span class=\"elementor-button-content-wrapper\">\n\t\t\t\t\t\t<span class=\"elementor-button-icon\">\n\t\t\t\t<svg aria-hidden=\"true\" class=\"e-font-icon-svg e-far-arrow-alt-circle-left\" viewBox=\"0 0 512 512\" xmlns=\"http:\/\/www.w3.org\/2000\/svg\"><path d=\"M8 256c0 137 111 248 248 248s248-111 248-248S393 8 256 8 8 119 8 256zm448 0c0 110.5-89.5 200-200 200S56 366.5 56 256 145.5 56 256 56s200 89.5 200 200zm-72-20v40c0 6.6-5.4 12-12 12H256v67c0 10.7-12.9 16-20.5 8.5l-99-99c-4.7-4.7-4.7-12.3 0-17l99-99c7.6-7.6 20.5-2.2 20.5 8.5v67h116c6.6 0 12 5.4 12 12z\"><\/path><\/svg>\t\t\t<\/span>\n\t\t\t\t\t\t\t\t\t<span class=\"elementor-button-text\">x Espacio Open<\/span>\n\t\t\t\t\t<\/span>\n\t\t\t\t\t<\/a>\n\t\t\t\t<\/div>\n\t\t\t\t\t\t\t\t<\/div>\n\t\t\t\t<\/div>\n\t\t\t\t<\/div>\n\t\t<div class=\"elementor-element elementor-element-05ec006 e-con-full e-flex e-con e-child\" data-id=\"05ec006\" data-element_type=\"container\" data-e-type=\"container\">\n\t\t\t\t<div class=\"elementor-element elementor-element-628b10c elementor-align-right elementor-widget elementor-widget-button\" data-id=\"628b10c\" data-element_type=\"widget\" data-e-type=\"widget\" data-widget_type=\"button.default\">\n\t\t\t\t<div class=\"elementor-widget-container\">\n\t\t\t\t\t\t\t\t\t<div class=\"elementor-button-wrapper\">\n\t\t\t\t\t<a class=\"elementor-button elementor-button-link elementor-size-sm\" href=\"https:\/\/candidatelier.fr\/?page_id=686\">\n\t\t\t\t\t\t<span class=\"elementor-button-content-wrapper\">\n\t\t\t\t\t\t<span class=\"elementor-button-icon\">\n\t\t\t\t<svg aria-hidden=\"true\" class=\"e-font-icon-svg e-far-arrow-alt-circle-right\" viewBox=\"0 0 512 512\" xmlns=\"http:\/\/www.w3.org\/2000\/svg\"><path d=\"M504 256C504 119 393 8 256 8S8 119 8 256s111 248 248 248 248-111 248-248zm-448 0c0-110.5 89.5-200 200-200s200 89.5 200 200-89.5 200-200 200S56 366.5 56 256zm72 20v-40c0-6.6 5.4-12 12-12h116v-67c0-10.7 12.9-16 20.5-8.5l99 99c4.7 4.7 4.7 12.3 0 17l-99 99c-7.6 7.6-20.5 2.2-20.5-8.5v-67H140c-6.6 0-12-5.4-12-12z\"><\/path><\/svg>\t\t\t<\/span>\n\t\t\t\t\t\t\t\t\t<span class=\"elementor-button-text\">Faire Re Faire<\/span>\n\t\t\t\t\t<\/span>\n\t\t\t\t\t<\/a>\n\t\t\t\t<\/div>\n\t\t\t\t\t\t\t\t<\/div>\n\t\t\t\t<\/div>\n\t\t\t\t<\/div>\n\t\t\t\t<\/div>\n\t\t\t\t<\/div>\n\t\t","protected":false},"excerpt":{"rendered":"<p>Chindogu R\u00e9sidence \u00e0 l&#8217;ENILIA, Surg\u00e8res2021 ContexteR\u00e9sidence de cr\u00e9ation collective en milieu scolaire sur le th\u00e8me du recyclage. Publics&nbsp;\u00c9l\u00e8ves de 2nde Pro de l&#8217;\u00c9cole Nationale d&#8217;Industrie Laiti\u00e8re et des Industries Agroalimentaires. ProductionsChindogu, objets absurdes pour r\u00e9soudre les probl\u00e8mes du quotidiens et notices de fabrication. PartenairesENILIA FinanceursR\u00e9gion Nouvelle-Aquitaine&nbsp; x Espacio Open Faire Re Faire<\/p>\n","protected":false},"author":1,"featured_media":0,"parent":0,"menu_order":0,"comment_status":"closed","ping_status":"closed","template":"","meta":{"ocean_post_layout":"","ocean_both_sidebars_style":"","ocean_both_sidebars_content_width":0,"ocean_both_sidebars_sidebars_width":0,"ocean_sidebar":"","ocean_second_sidebar":"","ocean_disable_margins":"enable","ocean_add_body_class":"","ocean_shortcode_before_top_bar":"","ocean_shortcode_after_top_bar":"","ocean_shortcode_before_header":"","ocean_shortcode_after_header":"","ocean_has_shortcode":"","ocean_shortcode_after_title":"","ocean_shortcode_before_footer_widgets":"","ocean_shortcode_after_footer_widgets":"","ocean_shortcode_before_footer_bottom":"","ocean_shortcode_after_footer_bottom":"","ocean_display_top_bar":"default","ocean_display_header":"default","ocean_header_style":"","ocean_center_header_left_menu":"","ocean_custom_header_template":"","ocean_custom_logo":0,"ocean_custom_retina_logo":0,"ocean_custom_logo_max_width":0,"ocean_custom_logo_tablet_max_width":0,"ocean_custom_logo_mobile_max_width":0,"ocean_custom_logo_max_height":0,"ocean_custom_logo_tablet_max_height":0,"ocean_custom_logo_mobile_max_height":0,"ocean_header_custom_menu":"","ocean_menu_typo_font_family":"","ocean_menu_typo_font_subset":"","ocean_menu_typo_font_size":0,"ocean_menu_typo_font_size_tablet":0,"ocean_menu_typo_font_size_mobile":0,"ocean_menu_typo_font_size_unit":"px","ocean_menu_typo_font_weight":"","ocean_menu_typo_font_weight_tablet":"","ocean_menu_typo_font_weight_mobile":"","ocean_menu_typo_transform":"","ocean_menu_typo_transform_tablet":"","ocean_menu_typo_transform_mobile":"","ocean_menu_typo_line_height":0,"ocean_menu_typo_line_height_tablet":0,"ocean_menu_typo_line_height_mobile":0,"ocean_menu_typo_line_height_unit":"","ocean_menu_typo_spacing":0,"ocean_menu_typo_spacing_tablet":0,"ocean_menu_typo_spacing_mobile":0,"ocean_menu_typo_spacing_unit":"","ocean_menu_link_color":"","ocean_menu_link_color_hover":"","ocean_menu_link_color_active":"","ocean_menu_link_background":"","ocean_menu_link_hover_background":"","ocean_menu_link_active_background":"","ocean_menu_social_links_bg":"","ocean_menu_social_hover_links_bg":"","ocean_menu_social_links_color":"","ocean_menu_social_hover_links_color":"","ocean_disable_title":"default","ocean_disable_heading":"default","ocean_post_title":"","ocean_post_subheading":"","ocean_post_title_style":"","ocean_post_title_background_color":"","ocean_post_title_background":0,"ocean_post_title_bg_image_position":"","ocean_post_title_bg_image_attachment":"","ocean_post_title_bg_image_repeat":"","ocean_post_title_bg_image_size":"","ocean_post_title_height":0,"ocean_post_title_bg_overlay":0.5,"ocean_post_title_bg_overlay_color":"","ocean_disable_breadcrumbs":"default","ocean_breadcrumbs_color":"","ocean_breadcrumbs_separator_color":"","ocean_breadcrumbs_links_color":"","ocean_breadcrumbs_links_hover_color":"","ocean_display_footer_widgets":"default","ocean_display_footer_bottom":"default","ocean_custom_footer_template":"","footnotes":""},"class_list":["post-580","page","type-page","status-publish","hentry","entry"],"_links":{"self":[{"href":"https:\/\/candidatelier.fr\/index.php?rest_route=\/wp\/v2\/pages\/580","targetHints":{"allow":["GET"]}}],"collection":[{"href":"https:\/\/candidatelier.fr\/index.php?rest_route=\/wp\/v2\/pages"}],"about":[{"href":"https:\/\/candidatelier.fr\/index.php?rest_route=\/wp\/v2\/types\/page"}],"author":[{"embeddable":true,"href":"https:\/\/candidatelier.fr\/index.php?rest_route=\/wp\/v2\/users\/1"}],"replies":[{"embeddable":true,"href":"https:\/\/candidatelier.fr\/index.php?rest_route=%2Fwp%2Fv2%2Fcomments&post=580"}],"version-history":[{"count":25,"href":"https:\/\/candidatelier.fr\/index.php?rest_route=\/wp\/v2\/pages\/580\/revisions"}],"predecessor-version":[{"id":2169,"href":"https:\/\/candidatelier.fr\/index.php?rest_route=\/wp\/v2\/pages\/580\/revisions\/2169"}],"wp:attachment":[{"href":"https:\/\/candidatelier.fr\/index.php?rest_route=%2Fwp%2Fv2%2Fmedia&parent=580"}],"curies":[{"name":"wp","href":"https:\/\/api.w.org\/{rel}","templated":true}]}}